{"id":3831,"date":"2022-05-30T16:56:26","date_gmt":"2022-05-30T14:56:26","guid":{"rendered":"https:\/\/www.antsandfriends.com\/on-pack\/"},"modified":"2023-09-11T15:19:57","modified_gmt":"2023-09-11T13:19:57","slug":"on-pack","status":"publish","type":"page","link":"https:\/\/www.antsandfriends.com\/en\/on-pack\/","title":{"rendered":"ON-PACK"},"content":{"rendered":"\t\t<div data-elementor-type=\"wp-page\" data-elementor-id=\"3831\" class=\"elementor elementor-3831 elementor-921\" data-elementor-post-type=\"page\">\n\t\t\t\t\t\t<section class=\"has_eae_slider elementor-section elementor-top-section elementor-element elementor-element-11406a5e elementor-section-height-min-height elementor-section-boxed elementor-section-height-default elementor-section-items-middle\" data-eae-slider=\"72201\" data-id=\"11406a5e\" data-element_type=\"section\" data-e-type=\"section\">\n\t\t\t\t\t\t\t<div class=\"elementor-background-overlay\"><\/div>\n\t\t\t\t\t\t\t<div class=\"elementor-container elementor-column-gap-default\">\n\t\t\t\t\t<div class=\"has_eae_slider elementor-column elementor-col-100 elementor-top-column elementor-element elementor-element-3fe675ca\" data-eae-slider=\"57889\" data-id=\"3fe675ca\" data-element_type=\"column\" data-e-type=\"column\">\n\t\t\t<div class=\"elementor-widget-wrap elementor-element-populated\">\n\t\t\t\t\t\t<div class=\"elementor-element elementor-element-7cca85ca elementor-widget elementor-widget-heading\" data-id=\"7cca85ca\" data-element_type=\"widget\" data-e-type=\"widget\" data-settings=\"{&quot;motion_fx_motion_fx_mouse&quot;:&quot;yes&quot;,&quot;motion_fx_tilt_effect&quot;:&quot;yes&quot;,&quot;motion_fx_tilt_speed&quot;:{&quot;unit&quot;:&quot;px&quot;,&quot;size&quot;:1,&quot;sizes&quot;:[]}}\" data-widget_type=\"heading.default\">\n\t\t\t\t<div class=\"elementor-widget-container\">\n\t\t\t\t\t<h1 class=\"elementor-heading-title elementor-size-default\">Merchandising<\/h1>\t\t\t\t<\/div>\n\t\t\t\t<\/div>\n\t\t\t\t\t<\/div>\n\t\t<\/div>\n\t\t\t\t\t<\/div>\n\t\t<\/section>\n\t\t\t\t<section class=\"has_eae_slider elementor-section elementor-top-section elementor-element elementor-element-0b02f0c elementor-section-boxed elementor-section-height-default elementor-section-height-default\" data-eae-slider=\"42635\" data-id=\"0b02f0c\" data-element_type=\"section\" data-e-type=\"section\">\n\t\t\t\t\t\t<div class=\"elementor-container elementor-column-gap-default\">\n\t\t\t\t\t<div class=\"has_eae_slider elementor-column elementor-col-100 elementor-top-column elementor-element elementor-element-ecaee7e\" data-eae-slider=\"62777\" data-id=\"ecaee7e\" data-element_type=\"column\" data-e-type=\"column\">\n\t\t\t<div class=\"elementor-widget-wrap elementor-element-populated\">\n\t\t\t\t\t\t<div class=\"elementor-element elementor-element-5d678d0f elementor-invisible elementor-widget elementor-widget-heading\" data-id=\"5d678d0f\" data-element_type=\"widget\" data-e-type=\"widget\" data-settings=\"{&quot;_animation&quot;:&quot;fadeInUp&quot;}\" data-widget_type=\"heading.default\">\n\t\t\t\t<div class=\"elementor-widget-container\">\n\t\t\t\t\t<h2 class=\"elementor-heading-title elementor-size-default\">ON-PACK<\/h2>\t\t\t\t<\/div>\n\t\t\t\t<\/div>\n\t\t\t\t<div class=\"elementor-element elementor-element-35afac52 elementor-invisible elementor-widget elementor-widget-text-editor\" data-id=\"35afac52\" data-element_type=\"widget\" data-e-type=\"widget\" data-settings=\"{&quot;_animation&quot;:&quot;fadeInUp&quot;,&quot;_animation_delay&quot;:100}\" data-widget_type=\"text-editor.default\">\n\t\t\t\t<div class=\"elementor-widget-container\">\n\t\t\t\t\t\t\t\t\t<div class=\"wpb_text_column wpb_content_element \">\n<div class=\"wpb_wrapper\">\n<p>Do you want your product to stand out on the shelf? Have you thought about on-pack promotion? This not only catches the eye, but also offers added value, increasing impulse purchases and boosting sales. When it comes to on-pack promotions, we specialise in the beverage industry and food retailing. Take for example our customers in the spirits sector \u2013 among them, for example, a grill stamp for &#8220;RUMpsteak&#8221;. We\u2019re no strangers to the FMCG sector (Fast-Moving Consumer Goods), and we also always pay attention to creative and suitable packaging and container solutions, <span style=\"color: var( --e-global-color-eefd015 );\">such as theft-proof blister packs.<\/span><\/p>\n<\/div>\n<\/div>\n\t\t\t\t\t\t\t\t<\/div>\n\t\t\t\t<\/div>\n\t\t\t\t\t<\/div>\n\t\t<\/div>\n\t\t\t\t\t<\/div>\n\t\t<\/section>\n\t\t\t\t<section class=\"has_eae_slider elementor-section elementor-top-section elementor-element elementor-element-745a458a noOverflow elementor-section-boxed elementor-section-height-default elementor-section-height-default\" data-eae-slider=\"38600\" data-id=\"745a458a\" data-element_type=\"section\" data-e-type=\"section\">\n\t\t\t\t\t\t\t<div class=\"elementor-background-overlay\"><\/div>\n\t\t\t\t\t\t\t<div class=\"elementor-container elementor-column-gap-default\">\n\t\t\t\t\t<div class=\"has_eae_slider elementor-column elementor-col-100 elementor-top-column elementor-element elementor-element-46969b81\" data-eae-slider=\"35430\" data-id=\"46969b81\" data-element_type=\"column\" data-e-type=\"column\">\n\t\t\t<div class=\"elementor-widget-wrap elementor-element-populated\">\n\t\t\t\t\t\t<section class=\"has_eae_slider elementor-section elementor-inner-section elementor-element elementor-element-74f2995a elementor-section-boxed elementor-section-height-default elementor-section-height-default\" data-eae-slider=\"48375\" data-id=\"74f2995a\" data-element_type=\"section\" data-e-type=\"section\">\n\t\t\t\t\t\t<div class=\"elementor-container elementor-column-gap-default\">\n\t\t\t\t\t<div class=\"has_eae_slider elementor-column elementor-col-50 elementor-inner-column elementor-element elementor-element-35fc1add\" data-eae-slider=\"7971\" data-id=\"35fc1add\" data-element_type=\"column\" data-e-type=\"column\">\n\t\t\t<div class=\"elementor-widget-wrap elementor-element-populated\">\n\t\t\t\t\t\t<div class=\"elementor-element elementor-element-12d039c1 elementor-widget elementor-widget-image\" data-id=\"12d039c1\" data-element_type=\"widget\" data-e-type=\"widget\" data-settings=\"{&quot;motion_fx_motion_fx_scrolling&quot;:&quot;yes&quot;,&quot;motion_fx_translateX_effect&quot;:&quot;yes&quot;,&quot;motion_fx_translateX_direction&quot;:&quot;negative&quot;,&quot;motion_fx_translateX_speed&quot;:{&quot;unit&quot;:&quot;px&quot;,&quot;size&quot;:4.79999999999999982236431605997495353221893310546875,&quot;sizes&quot;:[]},&quot;motion_fx_translateX_affectedRange&quot;:{&quot;unit&quot;:&quot;%&quot;,&quot;size&quot;:&quot;&quot;,&quot;sizes&quot;:{&quot;start&quot;:0,&quot;end&quot;:50}},&quot;motion_fx_devices&quot;:[&quot;desktop&quot;,&quot;tablet&quot;,&quot;mobile&quot;]}\" data-widget_type=\"image.default\">\n\t\t\t\t<div class=\"elementor-widget-container\">\n\t\t\t\t\t\t\t\t\t\t\t\t\t\t\t<img fetchpriority=\"high\" decoding=\"async\" width=\"1920\" height=\"1281\" src=\"https:\/\/www.antsandfriends.com\/wp-content\/uploads\/2022\/08\/onpack-promotion-bacardi.jpg\" class=\"attachment-full size-full wp-image-3730\" alt=\"\" srcset=\"https:\/\/www.antsandfriends.com\/wp-content\/uploads\/2022\/08\/onpack-promotion-bacardi.jpg 1920w, https:\/\/www.antsandfriends.com\/wp-content\/uploads\/2022\/08\/onpack-promotion-bacardi-300x200.jpg 300w, https:\/\/www.antsandfriends.com\/wp-content\/uploads\/2022\/08\/onpack-promotion-bacardi-1024x683.jpg 1024w, https:\/\/www.antsandfriends.com\/wp-content\/uploads\/2022\/08\/onpack-promotion-bacardi-768x512.jpg 768w, https:\/\/www.antsandfriends.com\/wp-content\/uploads\/2022\/08\/onpack-promotion-bacardi-1536x1025.jpg 1536w\" sizes=\"(max-width: 1920px) 100vw, 1920px\" \/>\t\t\t\t\t\t\t\t\t\t\t\t\t\t\t<\/div>\n\t\t\t\t<\/div>\n\t\t\t\t\t<\/div>\n\t\t<\/div>\n\t\t\t\t<div class=\"has_eae_slider elementor-column elementor-col-50 elementor-inner-column elementor-element elementor-element-1be150e3\" data-eae-slider=\"92408\" data-id=\"1be150e3\" data-element_type=\"column\" data-e-type=\"column\">\n\t\t\t<div class=\"elementor-widget-wrap elementor-element-populated\">\n\t\t\t\t\t\t<div class=\"elementor-element elementor-element-79d24cb0 elementor-widget elementor-widget-heading\" data-id=\"79d24cb0\" data-element_type=\"widget\" data-e-type=\"widget\" data-widget_type=\"heading.default\">\n\t\t\t\t<div class=\"elementor-widget-container\">\n\t\t\t\t\t<p class=\"elementor-heading-title elementor-size-default\">BBQ grill stamp<\/p>\t\t\t\t<\/div>\n\t\t\t\t<\/div>\n\t\t\t\t<div class=\"elementor-element elementor-element-39256fdb elementor-widget elementor-widget-text-editor\" data-id=\"39256fdb\" data-element_type=\"widget\" data-e-type=\"widget\" data-widget_type=\"text-editor.default\">\n\t\t\t\t<div class=\"elementor-widget-container\">\n\t\t\t\t\t\t\t\t\t<ul>\n<li>Promotional items for summer<\/li>\n<li>Barbecue fun with brand presence and message<\/li>\n<li>Made from wood and stainless steel<\/li>\n<li>Unique customised stamp<\/li>\n<li>Wooden handle incl. customised engraving<\/li>\n<li>In theft-proof plastic blister pack<\/li>\n<\/ul>\n\t\t\t\t\t\t\t\t<\/div>\n\t\t\t\t<\/div>\n\t\t\t\t\t<\/div>\n\t\t<\/div>\n\t\t\t\t\t<\/div>\n\t\t<\/section>\n\t\t\t\t<section class=\"has_eae_slider elementor-section elementor-inner-section elementor-element elementor-element-1b2a8668 elementor-section-boxed elementor-section-height-default elementor-section-height-default\" data-eae-slider=\"78703\" data-id=\"1b2a8668\" data-element_type=\"section\" data-e-type=\"section\">\n\t\t\t\t\t\t<div class=\"elementor-container elementor-column-gap-default\">\n\t\t\t\t\t<div class=\"has_eae_slider elementor-column elementor-col-50 elementor-inner-column elementor-element elementor-element-3322e097\" data-eae-slider=\"38472\" data-id=\"3322e097\" data-element_type=\"column\" data-e-type=\"column\">\n\t\t\t<div class=\"elementor-widget-wrap elementor-element-populated\">\n\t\t\t\t\t\t<div class=\"elementor-element elementor-element-5be5dd66 elementor-widget elementor-widget-heading\" data-id=\"5be5dd66\" data-element_type=\"widget\" data-e-type=\"widget\" data-widget_type=\"heading.default\">\n\t\t\t\t<div class=\"elementor-widget-container\">\n\t\t\t\t\t<p class=\"elementor-heading-title elementor-size-default\">Yoghurt cooler bag<\/p>\t\t\t\t<\/div>\n\t\t\t\t<\/div>\n\t\t\t\t<div class=\"elementor-element elementor-element-20f94370 elementor-widget elementor-widget-text-editor\" data-id=\"20f94370\" data-element_type=\"widget\" data-e-type=\"widget\" data-widget_type=\"text-editor.default\">\n\t\t\t\t<div class=\"elementor-widget-container\">\n\t\t\t\t\t\t\t\t\t<div class=\"wpb_text_column wpb_content_element \">\n<div class=\"wpb_wrapper\">\n<div class=\"wpb_text_column wpb_content_element \">\n<div class=\"wpb_wrapper\">\n<ul>\n<li>Year-round promotional item<\/li>\n<li>For long-lasting enjoyment, in the office or on the road<\/li>\n<li>Made of PVC with plastic zip<\/li>\n<li>Filled with cooling gel<\/li>\n<li>Fully designed according to customer requirements<\/li>\n<\/ul>\n<\/div>\n<\/div>\n<\/div>\n<\/div>\n\t\t\t\t\t\t\t\t<\/div>\n\t\t\t\t<\/div>\n\t\t\t\t\t<\/div>\n\t\t<\/div>\n\t\t\t\t<div class=\"has_eae_slider elementor-column elementor-col-50 elementor-inner-column elementor-element elementor-element-38f4c845\" data-eae-slider=\"72216\" data-id=\"38f4c845\" data-element_type=\"column\" data-e-type=\"column\">\n\t\t\t<div class=\"elementor-widget-wrap elementor-element-populated\">\n\t\t\t\t\t\t<div class=\"elementor-element elementor-element-35642490 elementor-widget elementor-widget-image\" data-id=\"35642490\" data-element_type=\"widget\" data-e-type=\"widget\" data-settings=\"{&quot;motion_fx_motion_fx_scrolling&quot;:&quot;yes&quot;,&quot;motion_fx_translateX_effect&quot;:&quot;yes&quot;,&quot;motion_fx_translateX_affectedRange&quot;:{&quot;unit&quot;:&quot;%&quot;,&quot;size&quot;:&quot;&quot;,&quot;sizes&quot;:{&quot;start&quot;:0,&quot;end&quot;:50}},&quot;motion_fx_translateX_speed&quot;:{&quot;unit&quot;:&quot;px&quot;,&quot;size&quot;:4,&quot;sizes&quot;:[]},&quot;motion_fx_devices&quot;:[&quot;desktop&quot;,&quot;tablet&quot;,&quot;mobile&quot;]}\" data-widget_type=\"image.default\">\n\t\t\t\t<div class=\"elementor-widget-container\">\n\t\t\t\t\t\t\t\t\t\t\t\t\t\t\t<img decoding=\"async\" width=\"1080\" height=\"768\" src=\"https:\/\/www.antsandfriends.com\/wp-content\/uploads\/2022\/08\/froop.jpg\" class=\"attachment-full size-full wp-image-3690\" alt=\"\" srcset=\"https:\/\/www.antsandfriends.com\/wp-content\/uploads\/2022\/08\/froop.jpg 1080w, https:\/\/www.antsandfriends.com\/wp-content\/uploads\/2022\/08\/froop-300x213.jpg 300w, https:\/\/www.antsandfriends.com\/wp-content\/uploads\/2022\/08\/froop-1024x728.jpg 1024w, https:\/\/www.antsandfriends.com\/wp-content\/uploads\/2022\/08\/froop-768x546.jpg 768w\" sizes=\"(max-width: 1080px) 100vw, 1080px\" \/>\t\t\t\t\t\t\t\t\t\t\t\t\t\t\t<\/div>\n\t\t\t\t<\/div>\n\t\t\t\t\t<\/div>\n\t\t<\/div>\n\t\t\t\t\t<\/div>\n\t\t<\/section>\n\t\t\t\t\t<\/div>\n\t\t<\/div>\n\t\t\t\t\t<\/div>\n\t\t<\/section>\n\t\t\t\t<section class=\"has_eae_slider elementor-section elementor-top-section elementor-element elementor-element-54fec5d elementor-section-boxed elementor-section-height-default elementor-section-height-default\" data-eae-slider=\"5137\" data-id=\"54fec5d\" data-element_type=\"section\" data-e-type=\"section\">\n\t\t\t\t\t\t<div class=\"elementor-container elementor-column-gap-default\">\n\t\t\t\t\t<div class=\"has_eae_slider elementor-column elementor-col-100 elementor-top-column elementor-element elementor-element-726f400\" data-eae-slider=\"38099\" data-id=\"726f400\" data-element_type=\"column\" data-e-type=\"column\">\n\t\t\t<div class=\"elementor-widget-wrap elementor-element-populated\">\n\t\t\t\t\t\t<div class=\"elementor-element elementor-element-7ba00b3 elementor-widget elementor-widget-heading\" data-id=\"7ba00b3\" data-element_type=\"widget\" data-e-type=\"widget\" data-widget_type=\"heading.default\">\n\t\t\t\t<div class=\"elementor-widget-container\">\n\t\t\t\t\t<p class=\"elementor-heading-title elementor-size-default\">Portfolio<\/p>\t\t\t\t<\/div>\n\t\t\t\t<\/div>\n\t\t\t\t\t<\/div>\n\t\t<\/div>\n\t\t\t\t\t<\/div>\n\t\t<\/section>\n\t\t\t\t<section class=\"has_eae_slider elementor-section elementor-top-section elementor-element elementor-element-2dc63a4e elementor-section-boxed elementor-section-height-default elementor-section-height-default\" data-eae-slider=\"27732\" data-id=\"2dc63a4e\" data-element_type=\"section\" data-e-type=\"section\" data-settings=\"{&quot;background_background&quot;:&quot;classic&quot;}\">\n\t\t\t\t\t\t<div class=\"elementor-container elementor-column-gap-default\">\n\t\t\t\t\t<div class=\"has_eae_slider elementor-column elementor-col-100 elementor-top-column elementor-element elementor-element-64bb464\" data-eae-slider=\"87888\" data-id=\"64bb464\" data-element_type=\"column\" data-e-type=\"column\">\n\t\t\t<div class=\"elementor-widget-wrap elementor-element-populated\">\n\t\t\t\t\t\t<div class=\"elementor-element elementor-element-d8cafbb elementor-arrows-position-inside elementor-pagination-position-outside elementor-widget elementor-widget-image-carousel\" data-id=\"d8cafbb\" data-element_type=\"widget\" data-e-type=\"widget\" data-settings=\"{&quot;slides_to_show&quot;:&quot;1&quot;,&quot;navigation&quot;:&quot;both&quot;,&quot;autoplay&quot;:&quot;yes&quot;,&quot;pause_on_hover&quot;:&quot;yes&quot;,&quot;pause_on_interaction&quot;:&quot;yes&quot;,&quot;autoplay_speed&quot;:5000,&quot;infinite&quot;:&quot;yes&quot;,&quot;effect&quot;:&quot;slide&quot;,&quot;speed&quot;:500}\" data-widget_type=\"image-carousel.default\">\n\t\t\t\t<div class=\"elementor-widget-container\">\n\t\t\t\t\t\t\t<div class=\"elementor-image-carousel-wrapper swiper\" role=\"region\" aria-roledescription=\"carousel\" aria-label=\"Image Carousel\" dir=\"ltr\">\n\t\t\t<div class=\"elementor-image-carousel swiper-wrapper\" aria-live=\"off\">\n\t\t\t\t\t\t\t\t<div class=\"swiper-slide\" role=\"group\" aria-roledescription=\"slide\" aria-label=\"1 of 4\"><a data-elementor-open-lightbox=\"yes\" data-elementor-lightbox-slideshow=\"d8cafbb\" data-elementor-lightbox-title=\"220425_Aheads_Auf_Produktfotos-Makers\" data-elementor-lightbox-description=\"Werbemittel On-Pack Flaschenpulli Flaschen\u00fcberzieher, rot, gr\u00fcn, wei\u00df, Maker&#039;s Mark\" data-e-action-hash=\"#elementor-action%3Aaction%3Dlightbox%26settings%3DeyJpZCI6MzY1NiwidXJsIjoiaHR0cHM6XC9cL3d3dy5hbnRzYW5kZnJpZW5kcy5jb21cL3dwLWNvbnRlbnRcL3VwbG9hZHNcLzIwMjJcLzA4XC8yMjA0MjVfQWhlYWRzX0F1Rl9Qcm9kdWt0Zm90b3MtMTkuanBnIiwic2xpZGVzaG93IjoiZDhjYWZiYiJ9\" href=\"https:\/\/www.antsandfriends.com\/wp-content\/uploads\/2022\/08\/220425_Aheads_AuF_Produktfotos-19.jpg\"><figure class=\"swiper-slide-inner\"><img decoding=\"async\" class=\"swiper-slide-image\" src=\"https:\/\/www.antsandfriends.com\/wp-content\/uploads\/elementor\/thumbs\/220425_Aheads_AuF_Produktfotos-19-qslqraea74037o6rxwhwc68yz47cqqdrz26paujvnk.jpg\" alt=\"Werbemittel On-Pack Flaschenpulli Flaschen\u00fcberzieher, rot, gr\u00fcn, wei\u00df, Maker&#039;s Mark\" \/><\/figure><\/a><\/div><div class=\"swiper-slide\" role=\"group\" aria-roledescription=\"slide\" aria-label=\"2 of 4\"><a data-elementor-open-lightbox=\"yes\" data-elementor-lightbox-slideshow=\"d8cafbb\" data-elementor-lightbox-title=\"Nachhaltiges_Strohhalme_aus_Papier\" data-elementor-lightbox-description=\"Werbemittel nachhaltig Strohhalme rot-wei\u00df aus Papier, Lillet\" data-e-action-hash=\"#elementor-action%3Aaction%3Dlightbox%26settings%3DeyJpZCI6Mzc3NSwidXJsIjoiaHR0cHM6XC9cL3d3dy5hbnRzYW5kZnJpZW5kcy5jb21cL3dwLWNvbnRlbnRcL3VwbG9hZHNcLzIwMjNcLzAzXC8yMDIzXzAyXzIyX0FudHMyOTkxMC5qcGciLCJzbGlkZXNob3ciOiJkOGNhZmJiIn0%3D\" href=\"https:\/\/www.antsandfriends.com\/wp-content\/uploads\/2023\/03\/2023_02_22_Ants29910.jpg\"><figure class=\"swiper-slide-inner\"><img decoding=\"async\" class=\"swiper-slide-image\" src=\"https:\/\/www.antsandfriends.com\/wp-content\/uploads\/elementor\/thumbs\/2023_02_22_Ants29910-qslqbq6h1up702sit6c923m8xgwlb4lr61db9xmio0.jpg\" alt=\"Werbemittel nachhaltig Strohhalme rot-wei\u00df aus Papier, Lillet\" \/><\/figure><\/a><\/div><div class=\"swiper-slide\" role=\"group\" aria-roledescription=\"slide\" aria-label=\"3 of 4\"><a data-elementor-open-lightbox=\"yes\" data-elementor-lightbox-slideshow=\"d8cafbb\" data-elementor-lightbox-title=\"Efe_On-Pack_Schwarzk\u00fcmmel\" data-elementor-lightbox-description=\"Werbemittel On-Pack, Schwarzk\u00fcmmel, Efe\" data-e-action-hash=\"#elementor-action%3Aaction%3Dlightbox%26settings%3DeyJpZCI6Mzc4MSwidXJsIjoiaHR0cHM6XC9cL3d3dy5hbnRzYW5kZnJpZW5kcy5jb21cL3dwLWNvbnRlbnRcL3VwbG9hZHNcLzIwMjNcLzAzXC9FZmUuanBnIiwic2xpZGVzaG93IjoiZDhjYWZiYiJ9\" href=\"https:\/\/www.antsandfriends.com\/wp-content\/uploads\/2023\/03\/Efe.jpg\"><figure class=\"swiper-slide-inner\"><img decoding=\"async\" class=\"swiper-slide-image\" src=\"https:\/\/www.antsandfriends.com\/wp-content\/uploads\/elementor\/thumbs\/Efe-qslqax1h5zlb05yujbqtesyyiiw7oie2q159ectq0w.jpg\" alt=\"Werbemittel On-Pack, Schwarzk\u00fcmmel, Efe\" \/><\/figure><\/a><\/div><div class=\"swiper-slide\" role=\"group\" aria-roledescription=\"slide\" aria-label=\"4 of 4\"><a data-elementor-open-lightbox=\"yes\" data-elementor-lightbox-slideshow=\"d8cafbb\" data-elementor-lightbox-title=\"Grasovka_On-Pack_Flachmann\" data-elementor-lightbox-description=\"Werbemittel On-Pack, Grasovka, Flachmann f\u00fcr Schl\u00fcsselbund\" data-e-action-hash=\"#elementor-action%3Aaction%3Dlightbox%26settings%3DeyJpZCI6Mzc4MiwidXJsIjoiaHR0cHM6XC9cL3d3dy5hbnRzYW5kZnJpZW5kcy5jb21cL3dwLWNvbnRlbnRcL3VwbG9hZHNcLzIwMjNcLzAzXC9HcmFzb3ZrYS5qcGciLCJzbGlkZXNob3ciOiJkOGNhZmJiIn0%3D\" href=\"https:\/\/www.antsandfriends.com\/wp-content\/uploads\/2023\/03\/Grasovka.jpg\"><figure class=\"swiper-slide-inner\"><img decoding=\"async\" class=\"swiper-slide-image\" src=\"https:\/\/www.antsandfriends.com\/wp-content\/uploads\/elementor\/thumbs\/Grasovka-qslqasca7teve45oarpokc5njljdm0vf1dvtzz0ow0.jpg\" alt=\"Werbemittel On-Pack, Grasovka, Flachmann f\u00fcr Schl\u00fcsselbund\" \/><\/figure><\/a><\/div>\t\t\t<\/div>\n\t\t\t\t\t\t\t\t\t\t\t\t<div class=\"elementor-swiper-button elementor-swiper-button-prev\" role=\"button\" tabindex=\"0\">\n\t\t\t\t\t\t<i aria-hidden=\"true\" class=\"eicon-chevron-left\"><\/i>\t\t\t\t\t<\/div>\n\t\t\t\t\t<div class=\"elementor-swiper-button elementor-swiper-button-next\" role=\"button\" tabindex=\"0\">\n\t\t\t\t\t\t<i aria-hidden=\"true\" class=\"eicon-chevron-right\"><\/i>\t\t\t\t\t<\/div>\n\t\t\t\t\n\t\t\t\t\t\t\t\t\t<div class=\"swiper-pagination\"><\/div>\n\t\t\t\t\t\t\t\t\t<\/div>\n\t\t\t\t\t\t<\/div>\n\t\t\t\t<\/div>\n\t\t\t\t<section class=\"has_eae_slider elementor-section elementor-inner-section elementor-element elementor-element-497e45f4 elementor-section-boxed elementor-section-height-default elementor-section-height-default\" data-eae-slider=\"53388\" data-id=\"497e45f4\" data-element_type=\"section\" data-e-type=\"section\" data-settings=\"{&quot;background_background&quot;:&quot;classic&quot;}\">\n\t\t\t\t\t\t<div class=\"elementor-container elementor-column-gap-no\">\n\t\t\t\t\t<div class=\"has_eae_slider elementor-column elementor-col-100 elementor-inner-column elementor-element elementor-element-2e31fd38\" data-eae-slider=\"7072\" data-id=\"2e31fd38\" data-element_type=\"column\" data-e-type=\"column\">\n\t\t\t<div class=\"elementor-widget-wrap elementor-element-populated\">\n\t\t\t\t\t\t<div class=\"elementor-element elementor-element-48c9eb4f elementor-widget elementor-widget-heading\" data-id=\"48c9eb4f\" data-element_type=\"widget\" data-e-type=\"widget\" data-widget_type=\"heading.default\">\n\t\t\t\t<div class=\"elementor-widget-container\">\n\t\t\t\t\t<p class=\"elementor-heading-title elementor-size-default\">WHICH ON-PACK PROMOTION IS RIGHT FOR YOUR PRODUCT? <\/p>\t\t\t\t<\/div>\n\t\t\t\t<\/div>\n\t\t\t\t<div class=\"elementor-element elementor-element-72129029 elementor-widget elementor-widget-text-editor\" data-id=\"72129029\" data-element_type=\"widget\" data-e-type=\"widget\" data-widget_type=\"text-editor.default\">\n\t\t\t\t<div class=\"elementor-widget-container\">\n\t\t\t\t\t\t\t\t\t<p>We will be happy to advise you!<\/p>\n\t\t\t\t\t\t\t\t<\/div>\n\t\t\t\t<\/div>\n\t\t\t\t<div class=\"elementor-element elementor-element-79e5a02 elementor-align-center elementor-widget elementor-widget-button\" data-id=\"79e5a02\" data-element_type=\"widget\" data-e-type=\"widget\" data-widget_type=\"button.default\">\n\t\t\t\t<div class=\"elementor-widget-container\">\n\t\t\t\t\t\t\t\t\t<div class=\"elementor-button-wrapper\">\n\t\t\t\t\t<a class=\"elementor-button elementor-button-link elementor-size-xl\" href=\"https:\/\/www.antsandfriends.com\/en\/contact\/\">\n\t\t\t\t\t\t<span class=\"elementor-button-content-wrapper\">\n\t\t\t\t\t\t\t\t\t<span class=\"elementor-button-text\">CONTACT US!<\/span>\n\t\t\t\t\t<\/span>\n\t\t\t\t\t<\/a>\n\t\t\t\t<\/div>\n\t\t\t\t\t\t\t\t<\/div>\n\t\t\t\t<\/div>\n\t\t\t\t\t<\/div>\n\t\t<\/div>\n\t\t\t\t\t<\/div>\n\t\t<\/section>\n\t\t\t\t\t<\/div>\n\t\t<\/div>\n\t\t\t\t\t<\/div>\n\t\t<\/section>\n\t\t\t\t<\/div>\n\t\t","protected":false},"excerpt":{"rendered":"<p>Merchandising ON-PACK Do you want your product to stand out on the shelf? Have you thought about on-pack promotion? This not only catches the eye, but also offers added value, increasing impulse purchases and boosting sales. When it comes to on-pack promotions, we specialise in the beverage industry and food retailing. Take for example our [&hellip;]<\/p>\n","protected":false},"author":2,"featured_media":0,"parent":0,"menu_order":0,"comment_status":"closed","ping_status":"closed","template":"","meta":{"inline_featured_image":false,"footnotes":""},"class_list":["post-3831","page","type-page","status-publish","hentry"],"_links":{"self":[{"href":"https:\/\/www.antsandfriends.com\/en\/wp-json\/wp\/v2\/pages\/3831","targetHints":{"allow":["GET"]}}],"collection":[{"href":"https:\/\/www.antsandfriends.com\/en\/wp-json\/wp\/v2\/pages"}],"about":[{"href":"https:\/\/www.antsandfriends.com\/en\/wp-json\/wp\/v2\/types\/page"}],"author":[{"embeddable":true,"href":"https:\/\/www.antsandfriends.com\/en\/wp-json\/wp\/v2\/users\/2"}],"replies":[{"embeddable":true,"href":"https:\/\/www.antsandfriends.com\/en\/wp-json\/wp\/v2\/comments?post=3831"}],"version-history":[{"count":3,"href":"https:\/\/www.antsandfriends.com\/en\/wp-json\/wp\/v2\/pages\/3831\/revisions"}],"predecessor-version":[{"id":3834,"href":"https:\/\/www.antsandfriends.com\/en\/wp-json\/wp\/v2\/pages\/3831\/revisions\/3834"}],"wp:attachment":[{"href":"https:\/\/www.antsandfriends.com\/en\/wp-json\/wp\/v2\/media?parent=3831"}],"curies":[{"name":"wp","href":"https:\/\/api.w.org\/{rel}","templated":true}]}}